{"id":10221,"date":"2024-02-13T13:42:14","date_gmt":"2024-02-13T12:42:14","guid":{"rendered":"http:\/\/arajobett.com\/?page_id=10221"},"modified":"2024-07-22T12:53:26","modified_gmt":"2024-07-22T10:53:26","slug":"trabajo-temporal","status":"publish","type":"page","link":"https:\/\/arajobett.com\/?page_id=10221","title":{"rendered":"Trabajo temporal"},"content":{"rendered":"\t\t<div data-elementor-type=\"wp-page\" data-elementor-id=\"10221\" class=\"elementor elementor-10221\">\n\t\t\t\t        <section class=\"elementor-section elementor-top-section elementor-element elementor-element-a39b22f ct-row-scroll-fixed ct-column-order elementor-section-boxed elementor-section-height-default elementor-section-height-default ct-header-fixed-none ct-row-gradient--none\" data-id=\"a39b22f\" data-element_type=\"section\">\n            \n                        <div class=\"elementor-container elementor-column-gap-extended \">\n                    <div class=\"elementor-column elementor-col-33 elementor-top-column elementor-element elementor-element-e94171d ct-column-sticky col-offset-none col-color-offset-none\" data-id=\"e94171d\" data-element_type=\"column\">\n        <div class=\"elementor-widget-wrap elementor-element-populated\">\n                    \n        \t\t<div class=\"elementor-element elementor-element-c0fc5f1 elementor-widget elementor-widget-ct_link\" data-id=\"c0fc5f1\" data-element_type=\"widget\" data-widget_type=\"ct_link.default\">\n\t\t\t\t<div class=\"elementor-widget-container\">\n\t\t\t\t\t    <div class=\"ct-link1 style1 \">\r\n        <ul class=\"ct-link-items\">\r\n                                <li>\r\n                        <a href=\"http:\/\/arajobett.com\/consultoria-seleccion\/\">\r\n                                                        Consultor\u00eda y selecci\u00f3n                        <\/a>\r\n                    <\/li>\r\n                                <li>\r\n                        <a href=\"http:\/\/arajobett.com\/soluciones-formativas\/\">\r\n                                                        Soluciones formativas                        <\/a>\r\n                    <\/li>\r\n                                <li>\r\n                        <a href=\"http:\/\/arajobett.com\/seleccion-de-mandos-intermedios\/\">\r\n                                                        Selecci\u00f3n de mandos intermedios                        <\/a>\r\n                    <\/li>\r\n                                <li>\r\n                        <a href=\"http:\/\/arajobett.com\/busqueda-de-profesionales-en-su-pais-de-origen\/\">\r\n                                                        B\u00fasqueda de profesionales en su pa\u00eds de origen                        <\/a>\r\n                    <\/li>\r\n                    <\/ul>\r\n    <\/div>\r\n\t\t\t\t<\/div>\n\t\t\t\t<\/div>\n\t\t\t\t<div class=\"elementor-element elementor-element-739a94b elementor-widget elementor-widget-ct_info_box\" data-id=\"739a94b\" data-element_type=\"widget\" data-widget_type=\"ct_info_box.default\">\n\t\t\t\t<div class=\"elementor-widget-container\">\n\t\t\t\t\t<div class=\"ct-info-box ct-info-box1 bg-image lazyload\" style=\"background-image:inherit;\" data-wow-delay=\"ms\" data-bg-image=\"url(http:\/\/arajobett.com\/wp-content\/uploads\/2021\/09\/bg-info-box1.jpg)\">\r\n\t<div class=\"ct-infobox-inner\">\r\n\t\t<div class=\"item--subtitle el-empty\">\u00a1Contacta ya,<\/div>\r\n\t\t<div class=\"item--title el-empty\">te ayudamos!<\/div>\r\n\t\t<div class=\"item--phone el-empty\">976 111 361<\/div>\r\n\t\t<div class=\"item--desc el-empty\">o mediante formulario:<\/div>\r\n\t\t\t\t\t<a class=\"ct-info-button\" href=\"http:\/\/arajobett.com\/contacta-con-arajob\/\">Contacto<i class=\"fas fa-link\"><\/i><\/a>\r\n\t\t\t<\/div>\r\n<\/div>\t\t\t\t<\/div>\n\t\t\t\t<\/div>\n\t\t            <\/div>\n        <\/div>\n                <div class=\"elementor-column elementor-col-66 elementor-top-column elementor-element elementor-element-f20a448 ct-column-none col-offset-none col-color-offset-none\" data-id=\"f20a448\" data-element_type=\"column\">\n        <div class=\"elementor-widget-wrap elementor-element-populated\">\n                    \n        \t\t<div class=\"elementor-element elementor-element-a29282c elementor-widget elementor-widget-ct_heading\" data-id=\"a29282c\" data-element_type=\"widget\" data-widget_type=\"ct_heading.default\">\n\t\t\t\t<div class=\"elementor-widget-container\">\n\t\t\t\t\t<div id=\"ct_heading-a29282c\" class=\"ct-heading h-align- item-st-default highlight-style1\">\r\n  <div class=\"ct-heading--inner\"> \r\n    <div class=\"ct-inline-css\"  data-css=\"\r\n                                \">\r\n    <\/div>\r\n  \r\n\t    <h2 class=\"item--title st-default \" data-wow-delay=\"ms\">\r\n        <span class=\"ct-text-inner\">En b\u00fasqueda del mejor         <cite class=\"ct-text-highlight\">\r\n            talento        <\/cite>\r\n        <\/span>    <\/h2>\r\n  <\/div>\r\n<\/div>\r\n\t\t\t\t<\/div>\n\t\t\t\t<\/div>\n\t\t\t\t<div class=\"elementor-element elementor-element-ed36d0d elementor-widget elementor-widget-ct_image\" data-id=\"ed36d0d\" data-element_type=\"widget\" data-widget_type=\"ct_image.default\">\n\t\t\t\t<div class=\"elementor-widget-container\">\n\t\t\t\t\t<div class=\"ct-image-single ct-no-effect   \" data-width=\"\" data-height=\"\" data-wow-delay=\"ms\">\r\n            <div class=\"ct-image-single--inner\">\r\n                            <img fetchpriority=\"high\" decoding=\"async\" class=\"no-lazyload img-main \" src=\"https:\/\/arajobett.com\/wp-content\/uploads\/2024\/02\/trabajo-tempora-arajob.jpg\" width=\"1000\" height=\"570\" alt=\"Arajob, expertos en trabajo temporal\" title=\"Arajob, expertos en trabajo temporal\" \/>                    <\/div>\r\n    <\/div>\t\t\t\t<\/div>\n\t\t\t\t<\/div>\n\t\t\t\t<div class=\"elementor-element elementor-element-0bc5d92 elementor-widget elementor-widget-ct_text_editor\" data-id=\"0bc5d92\" data-element_type=\"widget\" data-widget_type=\"ct_text_editor.default\">\n\t\t\t\t<div class=\"elementor-widget-container\">\n\t\t\t\t\t<div id=\"ct_text_editor-0bc5d92\" class=\"ct-text-editor \" data-wow-delay=\"ms\">\n\t<div class=\"ct-item--inner\">\n\t\t<div class=\"ct-inline-css\"  data-css=\"\n\t        \t\t\t\">\n\n\t    <\/div>\n\t\t<div class=\"ct-text-editor elementor-clearfix\">\n\t\t\t<p>Porque un entorno legislativo laboral cada vez m\u00e1s restringido y complicado, a la vez que<br \/>altamente recaudativo por sus sanciones, requiere de un especialista en la gesti\u00f3n de su<br \/>temporalidad.<\/p>\t\t\n\t\t<\/div>\n\t<\/div>\n<\/div>\t\t\t\t<\/div>\n\t\t\t\t<\/div>\n\t\t\t\t<div class=\"elementor-element elementor-element-e6ab274 elementor-widget elementor-widget-ct_list\" data-id=\"e6ab274\" data-element_type=\"widget\" data-widget_type=\"ct_list.default\">\n\t\t\t\t<div class=\"elementor-widget-container\">\n\t\t\t\t\t    <div class=\"ct-list\">\r\n                    <div class=\"ct-list-item \">\r\n                                    <div class=\"ct-list-icon\">\r\n                        <i aria-hidden=\"true\" class=\"fas fa-check-circle\"><\/i>                    <\/div>\r\n                            \t<div class=\"ct-list-content\">\r\n\t            \tPROXIMIDAD CON EL CLIENTE. Para la atenci\u00f3n al cliente preferimos soluciones reales y no virtuales.\t            <\/div>\r\n           <\/div>\r\n                    <div class=\"ct-list-item \">\r\n                                    <div class=\"ct-list-icon\">\r\n                        <i aria-hidden=\"true\" class=\"fas fa-check-circle\"><\/i>                    <\/div>\r\n                            \t<div class=\"ct-list-content\">\r\n\t            \tPROXIMIDAD CON EL CANDIDATO. El candidato y el trabajador saben siempre donde encontrarnos.\t            <\/div>\r\n           <\/div>\r\n                    <div class=\"ct-list-item \">\r\n                                    <div class=\"ct-list-icon\">\r\n                        <i aria-hidden=\"true\" class=\"fas fa-check-circle\"><\/i>                    <\/div>\r\n                            \t<div class=\"ct-list-content\">\r\n\t            \tINMEDIATEZ. Respuesta urgente ante demandas urgentes.\t            <\/div>\r\n           <\/div>\r\n                    <div class=\"ct-list-item \">\r\n                                    <div class=\"ct-list-icon\">\r\n                        <i aria-hidden=\"true\" class=\"fas fa-check-circle\"><\/i>                    <\/div>\r\n                            \t<div class=\"ct-list-content\">\r\n\t            \tARAJOB DIGITAL.\t            <\/div>\r\n           <\/div>\r\n                    <div class=\"ct-list-item \">\r\n                                    <div class=\"ct-list-icon\">\r\n                        <i aria-hidden=\"true\" class=\"fas fa-check-circle\"><\/i>                    <\/div>\r\n                            \t<div class=\"ct-list-content\">\r\n\t            \tAMPLIO CONOCIMIENTO DE LA LEGISLACI\u00d3N. Aplicamos la mejor soluci\u00f3n contractual en cada caso.\t            <\/div>\r\n           <\/div>\r\n            <\/div>\r\n\t\t\t\t<\/div>\n\t\t\t\t<\/div>\n\t\t        <section class=\"elementor-section elementor-inner-section elementor-element elementor-element-e8388a8 elementor-section-boxed elementor-section-height-default elementor-section-height-default ct-header-fixed-none ct-column-none ct-row-scroll-none ct-row-gradient--none\" data-id=\"e8388a8\" data-element_type=\"section\">\n            \n                        <div class=\"elementor-container elementor-column-gap-extended \">\n                    <div class=\"elementor-column elementor-col-100 elementor-inner-column elementor-element elementor-element-2c87679 ct-column-none col-offset-none col-color-offset-none\" data-id=\"2c87679\" data-element_type=\"column\">\n        <div class=\"elementor-widget-wrap elementor-element-populated\">\n                    \n        \t\t<div class=\"elementor-element elementor-element-192a71b elementor-widget elementor-widget-ct_fancy_box\" data-id=\"192a71b\" data-element_type=\"widget\" data-widget_type=\"ct_fancy_box.default\">\n\t\t\t\t<div class=\"elementor-widget-container\">\n\t\t\t\t\t<div id=\"ct_fancy_box-192a71b\" class=\"ct-fancy-box ct-fancy-box-layout1  style1\" data-wow-delay=\"ms\">\r\n    <div class=\"ct-inline-css\"  data-css=\"\r\n                    #ct_fancy_box-192a71b.ct-fancy-box .item--icon i {\r\n                background-image: -webkit-gradient(linear, left top, right top, from(#08B6FF), to(#0B5ADB));\r\n                background-image: -webkit-linear-gradient(to left, #08B6FF, #0B5ADB);\r\n                background-image: -moz-linear-gradient(to left, #08B6FF, #0B5ADB);\r\n                background-image: -ms-linear-gradient(to left, #08B6FF, #0B5ADB);\r\n                background-image: -o-linear-gradient(to left, #08B6FF, #0B5ADB);\r\n                background-image: linear-gradient(to left, #08B6FF, #0B5ADB);\r\n                filter: progid:DXImageTransform.Microsoft.gradient(startColorStr='#08B6FF', endColorStr='#0B5ADB', gradientType='1');\r\n                background-color: transparent !important;\r\n            }\r\n        \">\r\n    <\/div>\r\n    <div class=\"item--inner\">\r\n                    <div class=\"item--icon\">\r\n                <i aria-hidden=\"true\" class=\"flaticon flaticon-best-seller\"><\/i>            <\/div>\r\n                        <div class=\"item--meta\">\r\n            <h4 class=\"item--title\">\r\n                \u00a1Somos muy <cite>competitivos<\/cite>!            <\/h4>\r\n            <div class=\"item--description\">\u00a1P\u00eddenos presupuesto sin compromiso!<\/div>\r\n        <\/div>\r\n    <\/div>\r\n<\/div>\t\t\t\t<\/div>\n\t\t\t\t<\/div>\n\t\t            <\/div>\n        <\/div>\n                    <\/div>\n        <\/section>\n        \t\t<div class=\"elementor-element elementor-element-80dfdef elementor-widget elementor-widget-ct_heading\" data-id=\"80dfdef\" data-element_type=\"widget\" data-widget_type=\"ct_heading.default\">\n\t\t\t\t<div class=\"elementor-widget-container\">\n\t\t\t\t\t<div id=\"ct_heading-80dfdef\" class=\"ct-heading h-align- item-st-default highlight-style1\">\r\n  <div class=\"ct-heading--inner\"> \r\n    <div class=\"ct-inline-css\"  data-css=\"\r\n                                \">\r\n    <\/div>\r\n  \r\n\t    <h2 class=\"item--title st-default \" data-wow-delay=\"ms\">\r\n        <span class=\"ct-text-inner\">Preguntas         <cite class=\"ct-text-highlight\">\r\n            frecuentes        <\/cite>\r\n        <\/span>    <\/h2>\r\n  <\/div>\r\n<\/div>\r\n\t\t\t\t<\/div>\n\t\t\t\t<\/div>\n\t\t\t\t<div class=\"elementor-element elementor-element-87e2945 elementor-widget elementor-widget-ct_accordion\" data-id=\"87e2945\" data-element_type=\"widget\" data-widget_type=\"ct_accordion.default\">\n\t\t\t\t<div class=\"elementor-widget-container\">\n\t\t\t\t\t    <div id=\"ct_accordion-87e2945\" class=\"ct-accordion ct-accordion1   style2\" data-wow-duration=\"1.2s\">\r\n                    <div class=\"ct-accordion-item active\">\r\n                <div class=\"ct-ac-title active\" data-target=\"#c889d32ct_accordion-87e2945\">\r\n                    <a class=\"ct-ac-title-text\"><h3 class=\"acordeon\">\u00bfC\u00f3mo puede una ETT ayudarme a encontrar un trabajo temporal?<\/h3>                        <i class=\"ct-accordion-icon-plus\"><\/i>\r\n                    <\/a>\r\n                <\/div>\r\n                <div id=\"c889d32ct_accordion-87e2945\" class=\"ct-ac-content\" style=\"display:block;\">Una Empresa de Trabajo Temporal (ETT) puede ayudarte de varias maneras:<br \/>\n<br \/>\n<ul><br \/>\n<li>Acceso a oportunidades laborales: Las ETT tienen una amplia red de empresas clientes que buscan personal temporal. Registrarte con una ETT te da acceso a estas oportunidades de empleo.<\/li><br \/>\n<li>Asesoramiento y orientaci\u00f3n: Las ETT ofrecen asesoramiento personalizado para ayudarte a encontrar el trabajo temporal que mejor se adapte a tus habilidades y experiencia.<\/li><br \/>\n<li>Formaci\u00f3n y capacitaci\u00f3n: Algunas ETT ofrecen programas de formaci\u00f3n y capacitaci\u00f3n para mejorar tus habilidades y aumentar tus posibilidades de ser contratado.<\/li><br \/>\n<\/ul><\/div>\r\n            <\/div>\r\n                    <div class=\"ct-accordion-item \">\r\n                <div class=\"ct-ac-title \" data-target=\"#c3539e4ct_accordion-87e2945\">\r\n                    <a class=\"ct-ac-title-text\"><h3 class=\"acordeon\">\u00bfCu\u00e1ndo es buena opci\u00f3n elegir un trabajo temporal?<\/h3>                        <i class=\"ct-accordion-icon-plus\"><\/i>\r\n                    <\/a>\r\n                <\/div>\r\n                <div id=\"c3539e4ct_accordion-87e2945\" class=\"ct-ac-content\">Elegir un trabajo temporal puede ser una buena opci\u00f3n en varias situaciones:<br \/>\n<br \/>\n<ul><br \/>\n<li>B\u00fasqueda de experiencia laboral: Si est\u00e1s comenzando en el mundo laboral o buscando cambiar de carrera, un trabajo temporal te brinda la oportunidad de adquirir experiencia y explorar diferentes industrias.<\/li><br \/>\n<li>Flexibilidad: Un trabajo temporal puede ofrecerte flexibilidad en t\u00e9rminos de horarios y ubicaci\u00f3n, lo que puede ser beneficioso si tienes otros compromisos o responsabilidades.<\/li><br \/>\n<li>Puerta de entrada: A menudo, los trabajos temporales pueden convertirse en oportunidades a largo plazo, ya sea a trav\u00e9s de una contrataci\u00f3n permanente en la empresa cliente o mediante la experiencia adquirida que te ayudar\u00e1 a avanzar en tu carrera.<\/li><br \/>\n<\/ul><\/div>\r\n            <\/div>\r\n                    <div class=\"ct-accordion-item \">\r\n                <div class=\"ct-ac-title \" data-target=\"#bc43388ct_accordion-87e2945\">\r\n                    <a class=\"ct-ac-title-text\"><h3 class=\"acordeon\">\u00bfQu\u00e9 duraci\u00f3n tiene un trabajo temporal?<\/h3>                        <i class=\"ct-accordion-icon-plus\"><\/i>\r\n                    <\/a>\r\n                <\/div>\r\n                <div id=\"bc43388ct_accordion-87e2945\" class=\"ct-ac-content\">La duraci\u00f3n de un trabajo temporal puede variar considerablemente seg\u00fan las necesidades de la empresa cliente y el tipo de trabajo. Algunos trabajos temporales pueden durar solo unos d\u00edas o semanas, mientras que otros pueden extenderse por meses o incluso a\u00f1os, especialmente en proyectos espec\u00edficos o coberturas de baja por maternidad o enfermedad.<\/div>\r\n            <\/div>\r\n                    <div class=\"ct-accordion-item \">\r\n                <div class=\"ct-ac-title \" data-target=\"#75268d0ct_accordion-87e2945\">\r\n                    <a class=\"ct-ac-title-text\"><h3 class=\"acordeon\"> \u00bfSon compatibles los estudios con un trabajo temporal?<\/h3>                        <i class=\"ct-accordion-icon-plus\"><\/i>\r\n                    <\/a>\r\n                <\/div>\r\n                <div id=\"75268d0ct_accordion-87e2945\" class=\"ct-ac-content\">S\u00ed, los trabajos temporales suelen ser compatibles con los estudios, especialmente aquellos que ofrecen flexibilidad en t\u00e9rminos de horarios. Muchas ETT ofrecen trabajos a tiempo parcial o por horas que pueden adaptarse a tus horarios de clases. Adem\u00e1s, trabajar temporalmente te brinda la oportunidad de adquirir habilidades adicionales y experiencia laboral mientras estudias, lo que puede ser beneficioso para tu futuro profesional. Sin embargo, es importante encontrar un equilibrio entre el trabajo y los estudios para evitar el agotamiento y garantizar un rendimiento acad\u00e9mico \u00f3ptimo.<\/div>\r\n            <\/div>\r\n            <\/div>\r\n\t\t\t\t<\/div>\n\t\t\t\t<\/div>\n\t\t            <\/div>\n        <\/div>\n                    <\/div>\n        <\/section>\n        \t\t<\/div>\n\t\t","protected":false},"excerpt":{"rendered":"<p>Consultor\u00eda y selecci\u00f3n Soluciones formativas Selecci\u00f3n de mandos intermedios B\u00fasqueda de profesionales en su pa\u00eds de origen \u00a1Contacta ya, te ayudamos! 976 111 361 o mediante formulario: Contacto En b\u00fasqueda del mejor talento Porque un entorno legislativo laboral cada vez m\u00e1s restringido y complicado, a la vez quealtamente recaudativo por sus sanciones, requiere de un [&hellip;]<\/p>\n","protected":false},"author":1,"featured_media":0,"parent":0,"menu_order":0,"comment_status":"closed","ping_status":"closed","template":"","meta":{"footnotes":""},"class_list":["post-10221","page","type-page","status-publish","hentry"],"yoast_head":"<!-- This site is optimized with the Yoast SEO plugin v26.7 - https:\/\/yoast.com\/wordpress\/plugins\/seo\/ -->\n<title>Agencia de empleo temporal en Zaragoza | Arajob<\/title>\n<meta name=\"description\" content=\"ETT en Zaragoza. Descubre las mejores ofertas de trabajo temporal en Zaragoza. Encuentra el empleo temporal que mejor se adapta a ti. \u00a1Reg\u00edstrate gratis!\" \/>\n<meta name=\"robots\" content=\"index, follow, max-snippet:-1, max-image-preview:large, max-video-preview:-1\" \/>\n<link rel=\"canonical\" href=\"https:\/\/arajobett.com\/?page_id=10221\" \/>\n<meta property=\"og:locale\" content=\"es_ES\" \/>\n<meta property=\"og:type\" content=\"article\" \/>\n<meta property=\"og:title\" content=\"Agencia de empleo temporal en Zaragoza | Arajob\" \/>\n<meta property=\"og:description\" content=\"ETT en Zaragoza. Descubre las mejores ofertas de trabajo temporal en Zaragoza. Encuentra el empleo temporal que mejor se adapta a ti. \u00a1Reg\u00edstrate gratis!\" \/>\n<meta property=\"og:url\" content=\"https:\/\/arajobett.com\/?page_id=10221\" \/>\n<meta property=\"og:site_name\" content=\"Arajob\" \/>\n<meta property=\"article:modified_time\" content=\"2024-07-22T10:53:26+00:00\" \/>\n<meta property=\"og:image\" content=\"http:\/\/arajobett.com\/wp-content\/uploads\/2024\/02\/trabajo-tempora-arajob.jpg\" \/>\n<meta name=\"twitter:card\" content=\"summary_large_image\" \/>\n<meta name=\"twitter:label1\" content=\"Tiempo de lectura\" \/>\n\t<meta name=\"twitter:data1\" content=\"3 minutos\" \/>\n<script type=\"application\/ld+json\" class=\"yoast-schema-graph\">{\"@context\":\"https:\/\/schema.org\",\"@graph\":[{\"@type\":\"WebPage\",\"@id\":\"https:\/\/arajobett.com\/?page_id=10221\",\"url\":\"https:\/\/arajobett.com\/?page_id=10221\",\"name\":\"Agencia de empleo temporal en Zaragoza | Arajob\",\"isPartOf\":{\"@id\":\"http:\/\/arajobett.com\/#website\"},\"primaryImageOfPage\":{\"@id\":\"https:\/\/arajobett.com\/?page_id=10221#primaryimage\"},\"image\":{\"@id\":\"https:\/\/arajobett.com\/?page_id=10221#primaryimage\"},\"thumbnailUrl\":\"http:\/\/arajobett.com\/wp-content\/uploads\/2024\/02\/trabajo-tempora-arajob.jpg\",\"datePublished\":\"2024-02-13T12:42:14+00:00\",\"dateModified\":\"2024-07-22T10:53:26+00:00\",\"description\":\"ETT en Zaragoza. Descubre las mejores ofertas de trabajo temporal en Zaragoza. Encuentra el empleo temporal que mejor se adapta a ti. \u00a1Reg\u00edstrate gratis!\",\"breadcrumb\":{\"@id\":\"https:\/\/arajobett.com\/?page_id=10221#breadcrumb\"},\"inLanguage\":\"es\",\"potentialAction\":[{\"@type\":\"ReadAction\",\"target\":[\"https:\/\/arajobett.com\/?page_id=10221\"]}]},{\"@type\":\"ImageObject\",\"inLanguage\":\"es\",\"@id\":\"https:\/\/arajobett.com\/?page_id=10221#primaryimage\",\"url\":\"https:\/\/arajobett.com\/wp-content\/uploads\/2024\/02\/trabajo-tempora-arajob.jpg\",\"contentUrl\":\"https:\/\/arajobett.com\/wp-content\/uploads\/2024\/02\/trabajo-tempora-arajob.jpg\",\"width\":1000,\"height\":570},{\"@type\":\"BreadcrumbList\",\"@id\":\"https:\/\/arajobett.com\/?page_id=10221#breadcrumb\",\"itemListElement\":[{\"@type\":\"ListItem\",\"position\":1,\"name\":\"Portada\",\"item\":\"http:\/\/arajobett.com\/\"},{\"@type\":\"ListItem\",\"position\":2,\"name\":\"Trabajo temporal\"}]},{\"@type\":\"WebSite\",\"@id\":\"http:\/\/arajobett.com\/#website\",\"url\":\"http:\/\/arajobett.com\/\",\"name\":\"Arajob\",\"description\":\"Trabajo para ti, empleo para Arag\u00f3n\",\"potentialAction\":[{\"@type\":\"SearchAction\",\"target\":{\"@type\":\"EntryPoint\",\"urlTemplate\":\"http:\/\/arajobett.com\/?s={search_term_string}\"},\"query-input\":{\"@type\":\"PropertyValueSpecification\",\"valueRequired\":true,\"valueName\":\"search_term_string\"}}],\"inLanguage\":\"es\"}]}<\/script>\n<!-- \/ Yoast SEO plugin. -->","yoast_head_json":{"title":"Agencia de empleo temporal en Zaragoza | Arajob","description":"ETT en Zaragoza. Descubre las mejores ofertas de trabajo temporal en Zaragoza. Encuentra el empleo temporal que mejor se adapta a ti. \u00a1Reg\u00edstrate gratis!","robots":{"index":"index","follow":"follow","max-snippet":"max-snippet:-1","max-image-preview":"max-image-preview:large","max-video-preview":"max-video-preview:-1"},"canonical":"https:\/\/arajobett.com\/?page_id=10221","og_locale":"es_ES","og_type":"article","og_title":"Agencia de empleo temporal en Zaragoza | Arajob","og_description":"ETT en Zaragoza. Descubre las mejores ofertas de trabajo temporal en Zaragoza. Encuentra el empleo temporal que mejor se adapta a ti. \u00a1Reg\u00edstrate gratis!","og_url":"https:\/\/arajobett.com\/?page_id=10221","og_site_name":"Arajob","article_modified_time":"2024-07-22T10:53:26+00:00","og_image":[{"url":"http:\/\/arajobett.com\/wp-content\/uploads\/2024\/02\/trabajo-tempora-arajob.jpg","type":"","width":"","height":""}],"twitter_card":"summary_large_image","twitter_misc":{"Tiempo de lectura":"3 minutos"},"schema":{"@context":"https:\/\/schema.org","@graph":[{"@type":"WebPage","@id":"https:\/\/arajobett.com\/?page_id=10221","url":"https:\/\/arajobett.com\/?page_id=10221","name":"Agencia de empleo temporal en Zaragoza | Arajob","isPartOf":{"@id":"http:\/\/arajobett.com\/#website"},"primaryImageOfPage":{"@id":"https:\/\/arajobett.com\/?page_id=10221#primaryimage"},"image":{"@id":"https:\/\/arajobett.com\/?page_id=10221#primaryimage"},"thumbnailUrl":"http:\/\/arajobett.com\/wp-content\/uploads\/2024\/02\/trabajo-tempora-arajob.jpg","datePublished":"2024-02-13T12:42:14+00:00","dateModified":"2024-07-22T10:53:26+00:00","description":"ETT en Zaragoza. Descubre las mejores ofertas de trabajo temporal en Zaragoza. Encuentra el empleo temporal que mejor se adapta a ti. \u00a1Reg\u00edstrate gratis!","breadcrumb":{"@id":"https:\/\/arajobett.com\/?page_id=10221#breadcrumb"},"inLanguage":"es","potentialAction":[{"@type":"ReadAction","target":["https:\/\/arajobett.com\/?page_id=10221"]}]},{"@type":"ImageObject","inLanguage":"es","@id":"https:\/\/arajobett.com\/?page_id=10221#primaryimage","url":"https:\/\/arajobett.com\/wp-content\/uploads\/2024\/02\/trabajo-tempora-arajob.jpg","contentUrl":"https:\/\/arajobett.com\/wp-content\/uploads\/2024\/02\/trabajo-tempora-arajob.jpg","width":1000,"height":570},{"@type":"BreadcrumbList","@id":"https:\/\/arajobett.com\/?page_id=10221#breadcrumb","itemListElement":[{"@type":"ListItem","position":1,"name":"Portada","item":"http:\/\/arajobett.com\/"},{"@type":"ListItem","position":2,"name":"Trabajo temporal"}]},{"@type":"WebSite","@id":"http:\/\/arajobett.com\/#website","url":"http:\/\/arajobett.com\/","name":"Arajob","description":"Trabajo para ti, empleo para Arag\u00f3n","potentialAction":[{"@type":"SearchAction","target":{"@type":"EntryPoint","urlTemplate":"http:\/\/arajobett.com\/?s={search_term_string}"},"query-input":{"@type":"PropertyValueSpecification","valueRequired":true,"valueName":"search_term_string"}}],"inLanguage":"es"}]}},"_links":{"self":[{"href":"https:\/\/arajobett.com\/index.php?rest_route=\/wp\/v2\/pages\/10221","targetHints":{"allow":["GET"]}}],"collection":[{"href":"https:\/\/arajobett.com\/index.php?rest_route=\/wp\/v2\/pages"}],"about":[{"href":"https:\/\/arajobett.com\/index.php?rest_route=\/wp\/v2\/types\/page"}],"author":[{"embeddable":true,"href":"https:\/\/arajobett.com\/index.php?rest_route=\/wp\/v2\/users\/1"}],"replies":[{"embeddable":true,"href":"https:\/\/arajobett.com\/index.php?rest_route=%2Fwp%2Fv2%2Fcomments&post=10221"}],"version-history":[{"count":22,"href":"https:\/\/arajobett.com\/index.php?rest_route=\/wp\/v2\/pages\/10221\/revisions"}],"predecessor-version":[{"id":10452,"href":"https:\/\/arajobett.com\/index.php?rest_route=\/wp\/v2\/pages\/10221\/revisions\/10452"}],"wp:attachment":[{"href":"https:\/\/arajobett.com\/index.php?rest_route=%2Fwp%2Fv2%2Fmedia&parent=10221"}],"curies":[{"name":"wp","href":"https:\/\/api.w.org\/{rel}","templated":true}]}}