{"id":10228,"date":"2024-02-13T14:40:18","date_gmt":"2024-02-13T13:40:18","guid":{"rendered":"http:\/\/arajobett.com\/?page_id=10228"},"modified":"2024-07-22T13:05:21","modified_gmt":"2024-07-22T11:05:21","slug":"consultoria-seleccion","status":"publish","type":"page","link":"https:\/\/arajobett.com\/?page_id=10228","title":{"rendered":"Consultor\u00eda y selecci\u00f3n"},"content":{"rendered":"\t\t<div data-elementor-type=\"wp-page\" data-elementor-id=\"10228\" class=\"elementor elementor-10228\">\n\t\t\t\t        <section class=\"elementor-section elementor-top-section elementor-element elementor-element-a39b22f ct-row-scroll-fixed ct-column-order elementor-section-boxed elementor-section-height-default elementor-section-height-default ct-header-fixed-none ct-row-gradient--none\" data-id=\"a39b22f\" data-element_type=\"section\">\n            \n                        <div class=\"elementor-container elementor-column-gap-extended \">\n                    <div class=\"elementor-column elementor-col-33 elementor-top-column elementor-element elementor-element-e94171d ct-column-sticky col-offset-none col-color-offset-none\" data-id=\"e94171d\" data-element_type=\"column\">\n        <div class=\"elementor-widget-wrap elementor-element-populated\">\n                    \n        \t\t<div class=\"elementor-element elementor-element-c0fc5f1 elementor-widget elementor-widget-ct_link\" data-id=\"c0fc5f1\" data-element_type=\"widget\" data-widget_type=\"ct_link.default\">\n\t\t\t\t<div class=\"elementor-widget-container\">\n\t\t\t\t\t    <div class=\"ct-link1 style1 \">\r\n        <ul class=\"ct-link-items\">\r\n                                <li>\r\n                        <a href=\"http:\/\/arajobett.com\/trabajo-temporal\/\">\r\n                                                        Trabajo temporal                        <\/a>\r\n                    <\/li>\r\n                                <li>\r\n                        <a href=\"http:\/\/arajobett.com\/soluciones-formativas\/\">\r\n                                                        Soluciones formativas                        <\/a>\r\n                    <\/li>\r\n                                <li>\r\n                        <a href=\"http:\/\/arajobett.com\/seleccion-de-mandos-intermedios\/\">\r\n                                                        Selecci\u00f3n de mandos intermedios                        <\/a>\r\n                    <\/li>\r\n                                <li>\r\n                        <a href=\"http:\/\/arajobett.com\/busqueda-de-profesionales-en-su-pais-de-origen\/\">\r\n                                                        B\u00fasqueda de profesionales en su pa\u00eds de origen                        <\/a>\r\n                    <\/li>\r\n                    <\/ul>\r\n    <\/div>\r\n\t\t\t\t<\/div>\n\t\t\t\t<\/div>\n\t\t\t\t<div class=\"elementor-element elementor-element-739a94b elementor-widget elementor-widget-ct_info_box\" data-id=\"739a94b\" data-element_type=\"widget\" data-widget_type=\"ct_info_box.default\">\n\t\t\t\t<div class=\"elementor-widget-container\">\n\t\t\t\t\t<div class=\"ct-info-box ct-info-box1 bg-image lazyload\" style=\"background-image:inherit;\" data-wow-delay=\"ms\" data-bg-image=\"url(http:\/\/arajobett.com\/wp-content\/uploads\/2021\/09\/bg-info-box1.jpg)\">\r\n\t<div class=\"ct-infobox-inner\">\r\n\t\t<div class=\"item--subtitle el-empty\">\u00a1Contacta ya,<\/div>\r\n\t\t<div class=\"item--title el-empty\">te ayudamos!<\/div>\r\n\t\t<div class=\"item--phone el-empty\">976 111 361<\/div>\r\n\t\t<div class=\"item--desc el-empty\">o mediante formulario:<\/div>\r\n\t\t\t\t\t<a class=\"ct-info-button\" href=\"http:\/\/arajobett.com\/contact\/\">Contacto<i class=\"fas fa-link\"><\/i><\/a>\r\n\t\t\t<\/div>\r\n<\/div>\t\t\t\t<\/div>\n\t\t\t\t<\/div>\n\t\t            <\/div>\n        <\/div>\n                <div class=\"elementor-column elementor-col-66 elementor-top-column elementor-element elementor-element-f20a448 ct-column-none col-offset-none col-color-offset-none\" data-id=\"f20a448\" data-element_type=\"column\">\n        <div class=\"elementor-widget-wrap elementor-element-populated\">\n                    \n        \t\t<div class=\"elementor-element elementor-element-a29282c elementor-widget elementor-widget-ct_heading\" data-id=\"a29282c\" data-element_type=\"widget\" data-widget_type=\"ct_heading.default\">\n\t\t\t\t<div class=\"elementor-widget-container\">\n\t\t\t\t\t<div id=\"ct_heading-a29282c\" class=\"ct-heading h-align- item-st-default highlight-style1\">\r\n  <div class=\"ct-heading--inner\"> \r\n    <div class=\"ct-inline-css\"  data-css=\"\r\n                                \">\r\n    <\/div>\r\n  \r\n\t    <h2 class=\"item--title st-default \" data-wow-delay=\"ms\">\r\n        <span class=\"ct-text-inner\">Soluciones personalizadas para        <cite class=\"ct-text-highlight\">\r\n            tu empresa        <\/cite>\r\n        <\/span>    <\/h2>\r\n  <\/div>\r\n<\/div>\r\n\t\t\t\t<\/div>\n\t\t\t\t<\/div>\n\t\t\t\t<div class=\"elementor-element elementor-element-ed36d0d elementor-widget elementor-widget-ct_image\" data-id=\"ed36d0d\" data-element_type=\"widget\" data-widget_type=\"ct_image.default\">\n\t\t\t\t<div class=\"elementor-widget-container\">\n\t\t\t\t\t<div class=\"ct-image-single ct-no-effect   \" data-width=\"\" data-height=\"\" data-wow-delay=\"ms\">\r\n            <div class=\"ct-image-single--inner\">\r\n                            <img fetchpriority=\"high\" decoding=\"async\" class=\"no-lazyload img-main \" src=\"https:\/\/arajobett.com\/wp-content\/uploads\/2024\/02\/consultoria-seleccion-arajob.jpg\" width=\"1000\" height=\"570\" alt=\"Consultor\u00eda y selecci\u00f3n de personal\" title=\"Consultor\u00eda y selecci\u00f3n\" \/>                    <\/div>\r\n    <\/div>\t\t\t\t<\/div>\n\t\t\t\t<\/div>\n\t\t\t\t<div class=\"elementor-element elementor-element-0bc5d92 elementor-widget elementor-widget-ct_text_editor\" data-id=\"0bc5d92\" data-element_type=\"widget\" data-widget_type=\"ct_text_editor.default\">\n\t\t\t\t<div class=\"elementor-widget-container\">\n\t\t\t\t\t<div id=\"ct_text_editor-0bc5d92\" class=\"ct-text-editor \" data-wow-delay=\"ms\">\n\t<div class=\"ct-item--inner\">\n\t\t<div class=\"ct-inline-css\"  data-css=\"\n\t        \t\t\t\">\n\n\t    <\/div>\n\t\t<div class=\"ct-text-editor elementor-clearfix\">\n\t\t\t<p>Con un enfoque consultivo, trabajamos estrechamente contigo para comprender tus objetivos comerciales y culturales, garantizando as\u00ed la selecci\u00f3n de los candidatos m\u00e1s adecuados para tu equipo. Desde la b\u00fasqueda inicial hasta el proceso de integraci\u00f3n, te brindamos el apoyo necesario para construir un equipo s\u00f3lido y exitoso.<\/p>\t\t\n\t\t<\/div>\n\t<\/div>\n<\/div>\t\t\t\t<\/div>\n\t\t\t\t<\/div>\n\t\t\t\t<div class=\"elementor-element elementor-element-67fe315 elementor-widget elementor-widget-ct_text_editor\" data-id=\"67fe315\" data-element_type=\"widget\" data-widget_type=\"ct_text_editor.default\">\n\t\t\t\t<div class=\"elementor-widget-container\">\n\t\t\t\t\t<div id=\"ct_text_editor-67fe315\" class=\"ct-text-editor \" data-wow-delay=\"ms\">\n\t<div class=\"ct-item--inner\">\n\t\t<div class=\"ct-inline-css\"  data-css=\"\n\t        \t\t\t\">\n\n\t    <\/div>\n\t\t<div class=\"ct-text-editor elementor-clearfix\">\n\t\t\t<p>Servicios que ofrecemos:<\/p>\t\t\n\t\t<\/div>\n\t<\/div>\n<\/div>\t\t\t\t<\/div>\n\t\t\t\t<\/div>\n\t\t\t\t<div class=\"elementor-element elementor-element-e6ab274 elementor-widget elementor-widget-ct_list\" data-id=\"e6ab274\" data-element_type=\"widget\" data-widget_type=\"ct_list.default\">\n\t\t\t\t<div class=\"elementor-widget-container\">\n\t\t\t\t\t    <div class=\"ct-list\">\r\n                    <div class=\"ct-list-item \">\r\n                                    <div class=\"ct-list-icon\">\r\n                        <i aria-hidden=\"true\" class=\"fas fa-check-circle\"><\/i>                    <\/div>\r\n                            \t<div class=\"ct-list-content\">\r\n\t            \tReclutamiento y selecci\u00f3n de candidatos cualificados para puestos temporales\t            <\/div>\r\n           <\/div>\r\n                    <div class=\"ct-list-item \">\r\n                                    <div class=\"ct-list-icon\">\r\n                        <i aria-hidden=\"true\" class=\"fas fa-check-circle\"><\/i>                    <\/div>\r\n                            \t<div class=\"ct-list-content\">\r\n\t            \tEvaluaci\u00f3n de las necesidades de personal de la empresa cliente y desarrollo de estrategias de contrataci\u00f3n\t            <\/div>\r\n           <\/div>\r\n                    <div class=\"ct-list-item \">\r\n                                    <div class=\"ct-list-icon\">\r\n                        <i aria-hidden=\"true\" class=\"fas fa-check-circle\"><\/i>                    <\/div>\r\n                            \t<div class=\"ct-list-content\">\r\n\t            \tCoordinaci\u00f3n log\u00edstica de las contrataciones temporales, incluyendo la gesti\u00f3n de turnos y horarios\t            <\/div>\r\n           <\/div>\r\n                    <div class=\"ct-list-item \">\r\n                                    <div class=\"ct-list-icon\">\r\n                        <i aria-hidden=\"true\" class=\"fas fa-check-circle\"><\/i>                    <\/div>\r\n                            \t<div class=\"ct-list-content\">\r\n\t            \tGesti\u00f3n administrativa relacionada con la contrataci\u00f3n de personal temporal, como la elaboraci\u00f3n de contratos y n\u00f3minas\t            <\/div>\r\n           <\/div>\r\n                    <div class=\"ct-list-item \">\r\n                                    <div class=\"ct-list-icon\">\r\n                        <i aria-hidden=\"true\" class=\"fas fa-check-circle\"><\/i>                    <\/div>\r\n                            \t<div class=\"ct-list-content\">\r\n\t            \tSeguimiento y evaluaci\u00f3n del desempe\u00f1o de los trabajadores temporales durante su asignaci\u00f3n\t            <\/div>\r\n           <\/div>\r\n            <\/div>\r\n\t\t\t\t<\/div>\n\t\t\t\t<\/div>\n\t\t        <section class=\"elementor-section elementor-inner-section elementor-element elementor-element-e8388a8 elementor-section-boxed elementor-section-height-default elementor-section-height-default ct-header-fixed-none ct-column-none ct-row-scroll-none ct-row-gradient--none\" data-id=\"e8388a8\" data-element_type=\"section\">\n            \n                        <div class=\"elementor-container elementor-column-gap-extended \">\n                    <div class=\"elementor-column elementor-col-100 elementor-inner-column elementor-element elementor-element-2c87679 ct-column-none col-offset-none col-color-offset-none\" data-id=\"2c87679\" data-element_type=\"column\">\n        <div class=\"elementor-widget-wrap elementor-element-populated\">\n                    \n        \t\t<div class=\"elementor-element elementor-element-192a71b elementor-widget elementor-widget-ct_fancy_box\" data-id=\"192a71b\" data-element_type=\"widget\" data-widget_type=\"ct_fancy_box.default\">\n\t\t\t\t<div class=\"elementor-widget-container\">\n\t\t\t\t\t<div id=\"ct_fancy_box-192a71b\" class=\"ct-fancy-box ct-fancy-box-layout1  style1\" data-wow-delay=\"ms\">\r\n    <div class=\"ct-inline-css\"  data-css=\"\r\n                    #ct_fancy_box-192a71b.ct-fancy-box .item--icon i {\r\n                background-image: -webkit-gradient(linear, left top, right top, from(#08B6FF), to(#0B5ADB));\r\n                background-image: -webkit-linear-gradient(to left, #08B6FF, #0B5ADB);\r\n                background-image: -moz-linear-gradient(to left, #08B6FF, #0B5ADB);\r\n                background-image: -ms-linear-gradient(to left, #08B6FF, #0B5ADB);\r\n                background-image: -o-linear-gradient(to left, #08B6FF, #0B5ADB);\r\n                background-image: linear-gradient(to left, #08B6FF, #0B5ADB);\r\n                filter: progid:DXImageTransform.Microsoft.gradient(startColorStr='#08B6FF', endColorStr='#0B5ADB', gradientType='1');\r\n                background-color: transparent !important;\r\n            }\r\n        \">\r\n    <\/div>\r\n    <div class=\"item--inner\">\r\n                    <div class=\"item--icon\">\r\n                <i aria-hidden=\"true\" class=\"flaticon flaticon-best-seller\"><\/i>            <\/div>\r\n                        <div class=\"item--meta\">\r\n            <h4 class=\"item--title\">\r\n                \u00a1Somos muy <cite>competitivos<\/cite>!            <\/h4>\r\n            <div class=\"item--description\">\u00a1P\u00eddenos presupuesto sin compromiso!<\/div>\r\n        <\/div>\r\n    <\/div>\r\n<\/div>\t\t\t\t<\/div>\n\t\t\t\t<\/div>\n\t\t            <\/div>\n        <\/div>\n                    <\/div>\n        <\/section>\n        \t\t<div class=\"elementor-element elementor-element-344874a elementor-widget elementor-widget-ct_heading\" data-id=\"344874a\" data-element_type=\"widget\" data-widget_type=\"ct_heading.default\">\n\t\t\t\t<div class=\"elementor-widget-container\">\n\t\t\t\t\t<div id=\"ct_heading-344874a\" class=\"ct-heading h-align- item-st-default highlight-style1\">\r\n  <div class=\"ct-heading--inner\"> \r\n    <div class=\"ct-inline-css\"  data-css=\"\r\n                                \">\r\n    <\/div>\r\n  \r\n\t    <h2 class=\"item--title st-default \" data-wow-delay=\"ms\">\r\n        <span class=\"ct-text-inner\">Preguntas         <cite class=\"ct-text-highlight\">\r\n            frecuentes        <\/cite>\r\n        <\/span>    <\/h2>\r\n  <\/div>\r\n<\/div>\r\n\t\t\t\t<\/div>\n\t\t\t\t<\/div>\n\t\t\t\t<div class=\"elementor-element elementor-element-b6fed62 elementor-widget elementor-widget-ct_accordion\" data-id=\"b6fed62\" data-element_type=\"widget\" data-widget_type=\"ct_accordion.default\">\n\t\t\t\t<div class=\"elementor-widget-container\">\n\t\t\t\t\t    <div id=\"ct_accordion-b6fed62\" class=\"ct-accordion ct-accordion1   style2\" data-wow-duration=\"1.2s\">\r\n                    <div class=\"ct-accordion-item active\">\r\n                <div class=\"ct-ac-title active\" data-target=\"#c889d32ct_accordion-b6fed62\">\r\n                    <a class=\"ct-ac-title-text\"><h3 class=\"acordeon\">\u00bfQu\u00e9 es la consultor\u00eda y selecci\u00f3n?<\/h3>                        <i class=\"ct-accordion-icon-plus\"><\/i>\r\n                    <\/a>\r\n                <\/div>\r\n                <div id=\"c889d32ct_accordion-b6fed62\" class=\"ct-ac-content\" style=\"display:block;\">La consultor\u00eda y selecci\u00f3n de personal es un servicio ofrecido por empresas especializadas que ayuda a otras organizaciones a identificar, reclutar y contratar talento adecuado para cubrir sus necesidades laborales. Este servicio implica un proceso exhaustivo que incluye la comprensi\u00f3n de los requisitos del puesto, la b\u00fasqueda de candidatos, la evaluaci\u00f3n de habilidades y competencias, y la recomendaci\u00f3n de los candidatos m\u00e1s id\u00f3neos para la empresa cliente.<\/div>\r\n            <\/div>\r\n                    <div class=\"ct-accordion-item \">\r\n                <div class=\"ct-ac-title \" data-target=\"#c3539e4ct_accordion-b6fed62\">\r\n                    <a class=\"ct-ac-title-text\"><h3 class=\"acordeon\">\u00bfPor qu\u00e9 son importantes las consultor\u00edas?<\/h3>                        <i class=\"ct-accordion-icon-plus\"><\/i>\r\n                    <\/a>\r\n                <\/div>\r\n                <div id=\"c3539e4ct_accordion-b6fed62\" class=\"ct-ac-content\">La consultor\u00eda y selecci\u00f3n de personal es crucial para las empresas porque les permite encontrar candidatos calificados que se ajusten a sus requisitos espec\u00edficos. Al externalizar este proceso a consultoras especializadas, las empresas pueden ahorrar tiempo y recursos, mejorar la calidad de las contrataciones y aumentar la eficiencia en la gesti\u00f3n de recursos humanos.<\/div>\r\n            <\/div>\r\n                    <div class=\"ct-accordion-item \">\r\n                <div class=\"ct-ac-title \" data-target=\"#bc43388ct_accordion-b6fed62\">\r\n                    <a class=\"ct-ac-title-text\"><h3 class=\"acordeon\">\u00bfC\u00f3mo funciona el proceso de una consultora?<\/h3>                        <i class=\"ct-accordion-icon-plus\"><\/i>\r\n                    <\/a>\r\n                <\/div>\r\n                <div id=\"bc43388ct_accordion-b6fed62\" class=\"ct-ac-content\">El proceso de consultor\u00eda y selecci\u00f3n de personal generalmente sigue estos pasos:<br \/>\n<br \/>\n<ul><br \/>\n<li>Relevamiento de necesidades: La consultora se re\u00fane con el cliente para comprender sus requisitos espec\u00edficos de contrataci\u00f3n.<\/li><br \/>\n<li>B\u00fasqueda y reclutamiento: La consultora utiliza diversas fuentes y herramientas para identificar candidatos potenciales.<\/li><br \/>\n<li>Evaluaci\u00f3n y selecci\u00f3n: Los candidatos son evaluados mediante entrevistas, pruebas de habilidades y referencias para determinar su idoneidad.<\/li><br \/>\n<li>Presentaci\u00f3n de candidatos: La consultora presenta al cliente una lista de candidatos preseleccionados.<\/li><br \/>\n<li>Seguimiento y soporte: La consultora brinda apoyo durante el proceso de contrataci\u00f3n y seguimiento del desempe\u00f1o del candidato seleccionado.<\/li><br \/>\n<\/ul><\/div>\r\n            <\/div>\r\n                    <div class=\"ct-accordion-item \">\r\n                <div class=\"ct-ac-title \" data-target=\"#75268d0ct_accordion-b6fed62\">\r\n                    <a class=\"ct-ac-title-text\"><h3 class=\"acordeon\">\u00bfQu\u00e9 ventajas tiene contratar una consultora?<\/h3>                        <i class=\"ct-accordion-icon-plus\"><\/i>\r\n                    <\/a>\r\n                <\/div>\r\n                <div id=\"75268d0ct_accordion-b6fed62\" class=\"ct-ac-content\">Algunas ventajas incluyen:<br \/>\n<br \/>\n<ul><br \/>\n<li>Acceso a un amplio pool de talento.<\/li><br \/>\n<li>Reducci\u00f3n del tiempo y los costos asociados con la contrataci\u00f3n.<\/li><br \/>\n<li>Mayor calidad en las contrataciones debido a la experiencia y especializaci\u00f3n de la consultora.<\/li><br \/>\n<li>Garant\u00eda de confidencialidad y cumplimiento de normativas laborales.<\/li><br \/>\n<\/ul><\/div>\r\n            <\/div>\r\n            <\/div>\r\n\t\t\t\t<\/div>\n\t\t\t\t<\/div>\n\t\t            <\/div>\n        <\/div>\n                    <\/div>\n        <\/section>\n        \t\t<\/div>\n\t\t","protected":false},"excerpt":{"rendered":"<p>Trabajo temporal Soluciones formativas Selecci\u00f3n de mandos intermedios B\u00fasqueda de profesionales en su pa\u00eds de origen \u00a1Contacta ya, te ayudamos! 976 111 361 o mediante formulario: Contacto Soluciones personalizadas para tu empresa Con un enfoque consultivo, trabajamos estrechamente contigo para comprender tus objetivos comerciales y culturales, garantizando as\u00ed la selecci\u00f3n de los candidatos m\u00e1s adecuados [&hellip;]<\/p>\n","protected":false},"author":1,"featured_media":0,"parent":0,"menu_order":0,"comment_status":"closed","ping_status":"closed","template":"","meta":{"footnotes":""},"class_list":["post-10228","page","type-page","status-publish","hentry"],"yoast_head":"<!-- This site is optimized with the Yoast SEO plugin v26.7 - https:\/\/yoast.com\/wordpress\/plugins\/seo\/ -->\n<title>Arajob | Consultor\u00eda y Selecci\u00f3n de Personal Cualificado en Arag\u00f3n<\/title>\n<meta name=\"description\" content=\"Arajob ofrece consultor\u00eda y selecci\u00f3n de personal cualificado en Zaragoza. Reclutamiento, evaluaci\u00f3n y gesti\u00f3n de talento para tu empresa en Arag\u00f3n.\" \/>\n<meta name=\"robots\" content=\"index, follow, max-snippet:-1, max-image-preview:large, max-video-preview:-1\" \/>\n<link rel=\"canonical\" href=\"http:\/\/arajobett.com\/?page_id=10228\" \/>\n<meta property=\"og:locale\" content=\"es_ES\" \/>\n<meta property=\"og:type\" content=\"article\" \/>\n<meta property=\"og:title\" content=\"Arajob | Consultor\u00eda y Selecci\u00f3n de Personal Cualificado en Arag\u00f3n\" \/>\n<meta property=\"og:description\" content=\"Arajob ofrece consultor\u00eda y selecci\u00f3n de personal cualificado en Zaragoza. Reclutamiento, evaluaci\u00f3n y gesti\u00f3n de talento para tu empresa en Arag\u00f3n.\" \/>\n<meta property=\"og:url\" content=\"http:\/\/arajobett.com\/?page_id=10228\" \/>\n<meta property=\"og:site_name\" content=\"Arajob\" \/>\n<meta property=\"article:modified_time\" content=\"2024-07-22T11:05:21+00:00\" \/>\n<meta property=\"og:image\" content=\"http:\/\/arajobett.com\/wp-content\/uploads\/2024\/02\/consultoria-seleccion-arajob.jpg\" \/>\n<meta name=\"twitter:card\" content=\"summary_large_image\" \/>\n<meta name=\"twitter:label1\" content=\"Tiempo de lectura\" \/>\n\t<meta name=\"twitter:data1\" content=\"3 minutos\" \/>\n<script type=\"application\/ld+json\" class=\"yoast-schema-graph\">{\"@context\":\"https:\/\/schema.org\",\"@graph\":[{\"@type\":\"WebPage\",\"@id\":\"http:\/\/arajobett.com\/?page_id=10228\",\"url\":\"http:\/\/arajobett.com\/?page_id=10228\",\"name\":\"Arajob | Consultor\u00eda y Selecci\u00f3n de Personal Cualificado en Arag\u00f3n\",\"isPartOf\":{\"@id\":\"http:\/\/arajobett.com\/#website\"},\"primaryImageOfPage\":{\"@id\":\"http:\/\/arajobett.com\/?page_id=10228#primaryimage\"},\"image\":{\"@id\":\"http:\/\/arajobett.com\/?page_id=10228#primaryimage\"},\"thumbnailUrl\":\"http:\/\/arajobett.com\/wp-content\/uploads\/2024\/02\/consultoria-seleccion-arajob.jpg\",\"datePublished\":\"2024-02-13T13:40:18+00:00\",\"dateModified\":\"2024-07-22T11:05:21+00:00\",\"description\":\"Arajob ofrece consultor\u00eda y selecci\u00f3n de personal cualificado en Zaragoza. Reclutamiento, evaluaci\u00f3n y gesti\u00f3n de talento para tu empresa en Arag\u00f3n.\",\"breadcrumb\":{\"@id\":\"http:\/\/arajobett.com\/?page_id=10228#breadcrumb\"},\"inLanguage\":\"es\",\"potentialAction\":[{\"@type\":\"ReadAction\",\"target\":[\"http:\/\/arajobett.com\/?page_id=10228\"]}]},{\"@type\":\"ImageObject\",\"inLanguage\":\"es\",\"@id\":\"http:\/\/arajobett.com\/?page_id=10228#primaryimage\",\"url\":\"https:\/\/arajobett.com\/wp-content\/uploads\/2024\/02\/consultoria-seleccion-arajob.jpg\",\"contentUrl\":\"https:\/\/arajobett.com\/wp-content\/uploads\/2024\/02\/consultoria-seleccion-arajob.jpg\",\"width\":1000,\"height\":570,\"caption\":\"Consultor\u00eda y selecci\u00f3n de personal\"},{\"@type\":\"BreadcrumbList\",\"@id\":\"http:\/\/arajobett.com\/?page_id=10228#breadcrumb\",\"itemListElement\":[{\"@type\":\"ListItem\",\"position\":1,\"name\":\"Portada\",\"item\":\"http:\/\/arajobett.com\/\"},{\"@type\":\"ListItem\",\"position\":2,\"name\":\"Consultor\u00eda y selecci\u00f3n\"}]},{\"@type\":\"WebSite\",\"@id\":\"http:\/\/arajobett.com\/#website\",\"url\":\"http:\/\/arajobett.com\/\",\"name\":\"Arajob\",\"description\":\"Trabajo para ti, empleo para Arag\u00f3n\",\"potentialAction\":[{\"@type\":\"SearchAction\",\"target\":{\"@type\":\"EntryPoint\",\"urlTemplate\":\"http:\/\/arajobett.com\/?s={search_term_string}\"},\"query-input\":{\"@type\":\"PropertyValueSpecification\",\"valueRequired\":true,\"valueName\":\"search_term_string\"}}],\"inLanguage\":\"es\"}]}<\/script>\n<!-- \/ Yoast SEO plugin. -->","yoast_head_json":{"title":"Arajob | Consultor\u00eda y Selecci\u00f3n de Personal Cualificado en Arag\u00f3n","description":"Arajob ofrece consultor\u00eda y selecci\u00f3n de personal cualificado en Zaragoza. Reclutamiento, evaluaci\u00f3n y gesti\u00f3n de talento para tu empresa en Arag\u00f3n.","robots":{"index":"index","follow":"follow","max-snippet":"max-snippet:-1","max-image-preview":"max-image-preview:large","max-video-preview":"max-video-preview:-1"},"canonical":"http:\/\/arajobett.com\/?page_id=10228","og_locale":"es_ES","og_type":"article","og_title":"Arajob | Consultor\u00eda y Selecci\u00f3n de Personal Cualificado en Arag\u00f3n","og_description":"Arajob ofrece consultor\u00eda y selecci\u00f3n de personal cualificado en Zaragoza. Reclutamiento, evaluaci\u00f3n y gesti\u00f3n de talento para tu empresa en Arag\u00f3n.","og_url":"http:\/\/arajobett.com\/?page_id=10228","og_site_name":"Arajob","article_modified_time":"2024-07-22T11:05:21+00:00","og_image":[{"url":"http:\/\/arajobett.com\/wp-content\/uploads\/2024\/02\/consultoria-seleccion-arajob.jpg","type":"","width":"","height":""}],"twitter_card":"summary_large_image","twitter_misc":{"Tiempo de lectura":"3 minutos"},"schema":{"@context":"https:\/\/schema.org","@graph":[{"@type":"WebPage","@id":"http:\/\/arajobett.com\/?page_id=10228","url":"http:\/\/arajobett.com\/?page_id=10228","name":"Arajob | Consultor\u00eda y Selecci\u00f3n de Personal Cualificado en Arag\u00f3n","isPartOf":{"@id":"http:\/\/arajobett.com\/#website"},"primaryImageOfPage":{"@id":"http:\/\/arajobett.com\/?page_id=10228#primaryimage"},"image":{"@id":"http:\/\/arajobett.com\/?page_id=10228#primaryimage"},"thumbnailUrl":"http:\/\/arajobett.com\/wp-content\/uploads\/2024\/02\/consultoria-seleccion-arajob.jpg","datePublished":"2024-02-13T13:40:18+00:00","dateModified":"2024-07-22T11:05:21+00:00","description":"Arajob ofrece consultor\u00eda y selecci\u00f3n de personal cualificado en Zaragoza. Reclutamiento, evaluaci\u00f3n y gesti\u00f3n de talento para tu empresa en Arag\u00f3n.","breadcrumb":{"@id":"http:\/\/arajobett.com\/?page_id=10228#breadcrumb"},"inLanguage":"es","potentialAction":[{"@type":"ReadAction","target":["http:\/\/arajobett.com\/?page_id=10228"]}]},{"@type":"ImageObject","inLanguage":"es","@id":"http:\/\/arajobett.com\/?page_id=10228#primaryimage","url":"https:\/\/arajobett.com\/wp-content\/uploads\/2024\/02\/consultoria-seleccion-arajob.jpg","contentUrl":"https:\/\/arajobett.com\/wp-content\/uploads\/2024\/02\/consultoria-seleccion-arajob.jpg","width":1000,"height":570,"caption":"Consultor\u00eda y selecci\u00f3n de personal"},{"@type":"BreadcrumbList","@id":"http:\/\/arajobett.com\/?page_id=10228#breadcrumb","itemListElement":[{"@type":"ListItem","position":1,"name":"Portada","item":"http:\/\/arajobett.com\/"},{"@type":"ListItem","position":2,"name":"Consultor\u00eda y selecci\u00f3n"}]},{"@type":"WebSite","@id":"http:\/\/arajobett.com\/#website","url":"http:\/\/arajobett.com\/","name":"Arajob","description":"Trabajo para ti, empleo para Arag\u00f3n","potentialAction":[{"@type":"SearchAction","target":{"@type":"EntryPoint","urlTemplate":"http:\/\/arajobett.com\/?s={search_term_string}"},"query-input":{"@type":"PropertyValueSpecification","valueRequired":true,"valueName":"search_term_string"}}],"inLanguage":"es"}]}},"_links":{"self":[{"href":"https:\/\/arajobett.com\/index.php?rest_route=\/wp\/v2\/pages\/10228","targetHints":{"allow":["GET"]}}],"collection":[{"href":"https:\/\/arajobett.com\/index.php?rest_route=\/wp\/v2\/pages"}],"about":[{"href":"https:\/\/arajobett.com\/index.php?rest_route=\/wp\/v2\/types\/page"}],"author":[{"embeddable":true,"href":"https:\/\/arajobett.com\/index.php?rest_route=\/wp\/v2\/users\/1"}],"replies":[{"embeddable":true,"href":"https:\/\/arajobett.com\/index.php?rest_route=%2Fwp%2Fv2%2Fcomments&post=10228"}],"version-history":[{"count":16,"href":"https:\/\/arajobett.com\/index.php?rest_route=\/wp\/v2\/pages\/10228\/revisions"}],"predecessor-version":[{"id":10455,"href":"https:\/\/arajobett.com\/index.php?rest_route=\/wp\/v2\/pages\/10228\/revisions\/10455"}],"wp:attachment":[{"href":"https:\/\/arajobett.com\/index.php?rest_route=%2Fwp%2Fv2%2Fmedia&parent=10228"}],"curies":[{"name":"wp","href":"https:\/\/api.w.org\/{rel}","templated":true}]}}