{"id":10234,"date":"2024-02-13T14:43:53","date_gmt":"2024-02-13T13:43:53","guid":{"rendered":"http:\/\/arajobett.com\/?page_id=10234"},"modified":"2024-07-22T13:55:08","modified_gmt":"2024-07-22T11:55:08","slug":"busqueda-de-profesionales-en-su-pais-de-origen","status":"publish","type":"page","link":"https:\/\/arajobett.com\/?page_id=10234","title":{"rendered":"B\u00fasqueda de profesionales en su pa\u00eds de origen"},"content":{"rendered":"\t\t<div data-elementor-type=\"wp-page\" data-elementor-id=\"10234\" class=\"elementor elementor-10234\">\n\t\t\t\t        <section class=\"elementor-section elementor-top-section elementor-element elementor-element-a39b22f ct-row-scroll-fixed ct-column-order elementor-section-boxed elementor-section-height-default elementor-section-height-default ct-header-fixed-none ct-row-gradient--none\" data-id=\"a39b22f\" data-element_type=\"section\">\n            \n                        <div class=\"elementor-container elementor-column-gap-extended \">\n                    <div class=\"elementor-column elementor-col-33 elementor-top-column elementor-element elementor-element-e94171d ct-column-sticky col-offset-none col-color-offset-none\" data-id=\"e94171d\" data-element_type=\"column\">\n        <div class=\"elementor-widget-wrap elementor-element-populated\">\n                    \n        \t\t<div class=\"elementor-element elementor-element-c0fc5f1 elementor-widget elementor-widget-ct_link\" data-id=\"c0fc5f1\" data-element_type=\"widget\" data-widget_type=\"ct_link.default\">\n\t\t\t\t<div class=\"elementor-widget-container\">\n\t\t\t\t\t    <div class=\"ct-link1 style1 \">\r\n        <ul class=\"ct-link-items\">\r\n                                <li>\r\n                        <a href=\"http:\/\/arajobett.com\/trabajo-temporal\/\">\r\n                                                        Trabajo temporal                        <\/a>\r\n                    <\/li>\r\n                                <li>\r\n                        <a href=\"http:\/\/arajobett.com\/consultoria-seleccion\/\">\r\n                                                        Consultor\u00eda y selecci\u00f3n                        <\/a>\r\n                    <\/li>\r\n                                <li>\r\n                        <a href=\"http:\/\/arajobett.com\/soluciones-formativas\/\">\r\n                                                        Soluciones formativas                        <\/a>\r\n                    <\/li>\r\n                                <li>\r\n                        <a href=\"http:\/\/arajobett.com\/seleccion-de-mandos-intermedios\/\">\r\n                                                        Selecci\u00f3n de mandos intermedios                        <\/a>\r\n                    <\/li>\r\n                    <\/ul>\r\n    <\/div>\r\n\t\t\t\t<\/div>\n\t\t\t\t<\/div>\n\t\t\t\t<div class=\"elementor-element elementor-element-739a94b elementor-widget elementor-widget-ct_info_box\" data-id=\"739a94b\" data-element_type=\"widget\" data-widget_type=\"ct_info_box.default\">\n\t\t\t\t<div class=\"elementor-widget-container\">\n\t\t\t\t\t<div class=\"ct-info-box ct-info-box1 bg-image lazyload\" style=\"background-image:inherit;\" data-wow-delay=\"ms\" data-bg-image=\"url(http:\/\/arajobett.com\/wp-content\/uploads\/2021\/09\/bg-info-box1.jpg)\">\r\n\t<div class=\"ct-infobox-inner\">\r\n\t\t<div class=\"item--subtitle el-empty\">\u00a1Contacta ya,<\/div>\r\n\t\t<div class=\"item--title el-empty\">te ayudamos!<\/div>\r\n\t\t<div class=\"item--phone el-empty\">976 111 361<\/div>\r\n\t\t<div class=\"item--desc el-empty\">o mediante formulario:<\/div>\r\n\t\t\t\t\t<a class=\"ct-info-button\" href=\"http:\/\/arajobett.com\/contact\/\">Contacto<i class=\"fas fa-link\"><\/i><\/a>\r\n\t\t\t<\/div>\r\n<\/div>\t\t\t\t<\/div>\n\t\t\t\t<\/div>\n\t\t            <\/div>\n        <\/div>\n                <div class=\"elementor-column elementor-col-66 elementor-top-column elementor-element elementor-element-f20a448 ct-column-none col-offset-none col-color-offset-none\" data-id=\"f20a448\" data-element_type=\"column\">\n        <div class=\"elementor-widget-wrap elementor-element-populated\">\n                    \n        \t\t<div class=\"elementor-element elementor-element-a29282c elementor-widget elementor-widget-ct_heading\" data-id=\"a29282c\" data-element_type=\"widget\" data-widget_type=\"ct_heading.default\">\n\t\t\t\t<div class=\"elementor-widget-container\">\n\t\t\t\t\t<div id=\"ct_heading-a29282c\" class=\"ct-heading h-align- item-st-default highlight-style1\">\r\n  <div class=\"ct-heading--inner\"> \r\n    <div class=\"ct-inline-css\"  data-css=\"\r\n                                \">\r\n    <\/div>\r\n  \r\n\t    <h2 class=\"item--title st-default \" data-wow-delay=\"ms\">\r\n        <span class=\"ct-text-inner\">Diversificando tu          <cite class=\"ct-text-highlight\">\r\n            equipo        <\/cite>\r\n        <\/span>    <\/h2>\r\n  <\/div>\r\n<\/div>\r\n\t\t\t\t<\/div>\n\t\t\t\t<\/div>\n\t\t\t\t<div class=\"elementor-element elementor-element-ed36d0d elementor-widget elementor-widget-ct_image\" data-id=\"ed36d0d\" data-element_type=\"widget\" data-widget_type=\"ct_image.default\">\n\t\t\t\t<div class=\"elementor-widget-container\">\n\t\t\t\t\t<div class=\"ct-image-single ct-no-effect   \" data-width=\"\" data-height=\"\" data-wow-delay=\"ms\">\r\n            <div class=\"ct-image-single--inner\">\r\n                            <img fetchpriority=\"high\" decoding=\"async\" class=\"no-lazyload img-main \" src=\"https:\/\/arajobett.com\/wp-content\/uploads\/2024\/02\/busqueda-talento-origen.jpg\" width=\"1000\" height=\"570\" alt=\"B\u00fasqueda de profesionales en sus pa\u00edses de origen\" title=\"B\u00fasqueda de profesionales en sus pa\u00edses de origen\" \/>                    <\/div>\r\n    <\/div>\t\t\t\t<\/div>\n\t\t\t\t<\/div>\n\t\t\t\t<div class=\"elementor-element elementor-element-0bc5d92 elementor-widget elementor-widget-ct_text_editor\" data-id=\"0bc5d92\" data-element_type=\"widget\" data-widget_type=\"ct_text_editor.default\">\n\t\t\t\t<div class=\"elementor-widget-container\">\n\t\t\t\t\t<div id=\"ct_text_editor-0bc5d92\" class=\"ct-text-editor \" data-wow-delay=\"ms\">\n\t<div class=\"ct-item--inner\">\n\t\t<div class=\"ct-inline-css\"  data-css=\"\n\t        \t\t\t\">\n\n\t    <\/div>\n\t\t<div class=\"ct-text-editor elementor-clearfix\">\n\t\t\t<p>Si tu empresa necesita profesionales t\u00e9cnicos cualificados, Arajob te ayuda a encontrarlos<br \/>en otros pa\u00edses, y te facilita la tramitaci\u00f3n de su permiso de trabajo.<\/p>\t\t\n\t\t<\/div>\n\t<\/div>\n<\/div>\t\t\t\t<\/div>\n\t\t\t\t<\/div>\n\t\t\t\t<div class=\"elementor-element elementor-element-8e3e47b elementor-widget elementor-widget-ct_text_editor\" data-id=\"8e3e47b\" data-element_type=\"widget\" data-widget_type=\"ct_text_editor.default\">\n\t\t\t\t<div class=\"elementor-widget-container\">\n\t\t\t\t\t<div id=\"ct_text_editor-8e3e47b\" class=\"ct-text-editor \" data-wow-delay=\"ms\">\n\t<div class=\"ct-item--inner\">\n\t\t<div class=\"ct-inline-css\"  data-css=\"\n\t        \t\t\t\">\n\n\t    <\/div>\n\t\t<div class=\"ct-text-editor elementor-clearfix\">\n\t\t\t<p>Qu\u00e9 hacemos:<\/p>\t\t\n\t\t<\/div>\n\t<\/div>\n<\/div>\t\t\t\t<\/div>\n\t\t\t\t<\/div>\n\t\t\t\t<div class=\"elementor-element elementor-element-e6ab274 elementor-widget elementor-widget-ct_list\" data-id=\"e6ab274\" data-element_type=\"widget\" data-widget_type=\"ct_list.default\">\n\t\t\t\t<div class=\"elementor-widget-container\">\n\t\t\t\t\t    <div class=\"ct-list\">\r\n                    <div class=\"ct-list-item \">\r\n                                    <div class=\"ct-list-icon\">\r\n                        <i aria-hidden=\"true\" class=\"fas fa-check-circle\"><\/i>                    <\/div>\r\n                            \t<div class=\"ct-list-content\">\r\n\t            \tSelecci\u00f3n en origen\t            <\/div>\r\n           <\/div>\r\n                    <div class=\"ct-list-item \">\r\n                                    <div class=\"ct-list-icon\">\r\n                        <i aria-hidden=\"true\" class=\"fas fa-check-circle\"><\/i>                    <\/div>\r\n                            \t<div class=\"ct-list-content\">\r\n\t            \tProcedimiento de TRAMITACI\u00d3N DEL PERMISO DE TRABAJO\t            <\/div>\r\n           <\/div>\r\n                    <div class=\"ct-list-item \">\r\n                                    <div class=\"ct-list-icon\">\r\n                        <i aria-hidden=\"true\" class=\"fas fa-check-circle\"><\/i>                    <\/div>\r\n                            \t<div class=\"ct-list-content\">\r\n\t            \tORGANIZACI\u00d3N DEL VIAJE si se trata de colectivos\t            <\/div>\r\n           <\/div>\r\n                    <div class=\"ct-list-item \">\r\n                                    <div class=\"ct-list-icon\">\r\n                        <i aria-hidden=\"true\" class=\"fas fa-check-circle\"><\/i>                    <\/div>\r\n                            \t<div class=\"ct-list-content\">\r\n\t            \tProceso de ACOGIDA EN DESTINO, principalmente en la Comunidad Aut\u00f3noma de Arag\u00f3n\t            <\/div>\r\n           <\/div>\r\n            <\/div>\r\n\t\t\t\t<\/div>\n\t\t\t\t<\/div>\n\t\t        <section class=\"elementor-section elementor-inner-section elementor-element elementor-element-e8388a8 elementor-section-boxed elementor-section-height-default elementor-section-height-default ct-header-fixed-none ct-column-none ct-row-scroll-none ct-row-gradient--none\" data-id=\"e8388a8\" data-element_type=\"section\">\n            \n                        <div class=\"elementor-container elementor-column-gap-extended \">\n                    <div class=\"elementor-column elementor-col-100 elementor-inner-column elementor-element elementor-element-2c87679 ct-column-none col-offset-none col-color-offset-none\" data-id=\"2c87679\" data-element_type=\"column\">\n        <div class=\"elementor-widget-wrap elementor-element-populated\">\n                    \n        \t\t<div class=\"elementor-element elementor-element-192a71b elementor-widget elementor-widget-ct_fancy_box\" data-id=\"192a71b\" data-element_type=\"widget\" data-widget_type=\"ct_fancy_box.default\">\n\t\t\t\t<div class=\"elementor-widget-container\">\n\t\t\t\t\t<div id=\"ct_fancy_box-192a71b\" class=\"ct-fancy-box ct-fancy-box-layout1  style1\" data-wow-delay=\"ms\">\r\n    <div class=\"ct-inline-css\"  data-css=\"\r\n                    #ct_fancy_box-192a71b.ct-fancy-box .item--icon i {\r\n                background-image: -webkit-gradient(linear, left top, right top, from(#08B6FF), to(#0B5ADB));\r\n                background-image: -webkit-linear-gradient(to left, #08B6FF, #0B5ADB);\r\n                background-image: -moz-linear-gradient(to left, #08B6FF, #0B5ADB);\r\n                background-image: -ms-linear-gradient(to left, #08B6FF, #0B5ADB);\r\n                background-image: -o-linear-gradient(to left, #08B6FF, #0B5ADB);\r\n                background-image: linear-gradient(to left, #08B6FF, #0B5ADB);\r\n                filter: progid:DXImageTransform.Microsoft.gradient(startColorStr='#08B6FF', endColorStr='#0B5ADB', gradientType='1');\r\n                background-color: transparent !important;\r\n            }\r\n        \">\r\n    <\/div>\r\n    <div class=\"item--inner\">\r\n                    <div class=\"item--icon\">\r\n                <i aria-hidden=\"true\" class=\"flaticon flaticon-best-seller\"><\/i>            <\/div>\r\n                        <div class=\"item--meta\">\r\n            <h4 class=\"item--title\">\r\n                \u00a1Somos muy <cite>competitivos<\/cite>!            <\/h4>\r\n            <div class=\"item--description\">\u00a1P\u00eddenos presupuesto sin compromiso!<\/div>\r\n        <\/div>\r\n    <\/div>\r\n<\/div>\t\t\t\t<\/div>\n\t\t\t\t<\/div>\n\t\t            <\/div>\n        <\/div>\n                    <\/div>\n        <\/section>\n        \t\t<div class=\"elementor-element elementor-element-580e851 elementor-widget elementor-widget-ct_heading\" data-id=\"580e851\" data-element_type=\"widget\" data-widget_type=\"ct_heading.default\">\n\t\t\t\t<div class=\"elementor-widget-container\">\n\t\t\t\t\t<div id=\"ct_heading-580e851\" class=\"ct-heading h-align- item-st-default highlight-style1\">\r\n  <div class=\"ct-heading--inner\"> \r\n    <div class=\"ct-inline-css\"  data-css=\"\r\n                                \">\r\n    <\/div>\r\n  \r\n\t    <h2 class=\"item--title st-default \" data-wow-delay=\"ms\">\r\n        <span class=\"ct-text-inner\">Preguntas         <cite class=\"ct-text-highlight\">\r\n            frecuentes        <\/cite>\r\n        <\/span>    <\/h2>\r\n  <\/div>\r\n<\/div>\r\n\t\t\t\t<\/div>\n\t\t\t\t<\/div>\n\t\t\t\t<div class=\"elementor-element elementor-element-b9b693e elementor-widget elementor-widget-ct_accordion\" data-id=\"b9b693e\" data-element_type=\"widget\" data-widget_type=\"ct_accordion.default\">\n\t\t\t\t<div class=\"elementor-widget-container\">\n\t\t\t\t\t    <div id=\"ct_accordion-b9b693e\" class=\"ct-accordion ct-accordion1   style2\" data-wow-duration=\"1.2s\">\r\n                    <div class=\"ct-accordion-item active\">\r\n                <div class=\"ct-ac-title active\" data-target=\"#c889d32ct_accordion-b9b693e\">\r\n                    <a class=\"ct-ac-title-text\"><h3 class=\"acordeon\">\u00bfQu\u00e9 es la b\u00fasqueda de profesionales en sus pa\u00edses de origen?<\/h3>                        <i class=\"ct-accordion-icon-plus\"><\/i>\r\n                    <\/a>\r\n                <\/div>\r\n                <div id=\"c889d32ct_accordion-b9b693e\" class=\"ct-ac-content\" style=\"display:block;\">La b\u00fasqueda de profesionales en sus pa\u00edses de origen es un proceso estrat\u00e9gico mediante el cual las empresas reclutan talento espec\u00edficamente en el lugar de origen de los candidatos. Esto puede implicar buscar profesionales que hayan emigrado o que se encuentren trabajando en el extranjero y est\u00e9n dispuestos a regresar a su pa\u00eds de origen para ocupar una posici\u00f3n laboral.<\/div>\r\n            <\/div>\r\n                    <div class=\"ct-accordion-item \">\r\n                <div class=\"ct-ac-title \" data-target=\"#c3539e4ct_accordion-b9b693e\">\r\n                    <a class=\"ct-ac-title-text\"><h3 class=\"acordeon\">Ventajas de buscar profesionales en sus pa\u00edses de origen<\/h3>                        <i class=\"ct-accordion-icon-plus\"><\/i>\r\n                    <\/a>\r\n                <\/div>\r\n                <div id=\"c3539e4ct_accordion-b9b693e\" class=\"ct-ac-content\">Buscar profesionales en sus pa\u00edses de origen ofrece varias ventajas, como:<br \/>\n<br \/>\n<ul><br \/>\n<li>Acceso a talento altamente cualificado y con experiencia internacional.<br \/>\n<\/li><br \/>\n<li>Conocimiento profundo del mercado local y las din\u00e1micas culturales.<br \/>\n<\/li><br \/>\n<li>Potencial para diversificar el equipo de trabajo y promover la inclusi\u00f3n.<br \/>\n<\/li><br \/>\n<li>Reducci\u00f3n de costos asociados con la reubicaci\u00f3n de empleados desde el extranjero.<br \/>\n<\/li><br \/>\n<\/ul><\/div>\r\n            <\/div>\r\n                    <div class=\"ct-accordion-item \">\r\n                <div class=\"ct-ac-title \" data-target=\"#bc43388ct_accordion-b9b693e\">\r\n                    <a class=\"ct-ac-title-text\"><h3 class=\"acordeon\">Buenas pr\u00e1cticas para llevar a cabo la b\u00fasqueda de profesionales en sus pa\u00edses de origen<\/h3>                        <i class=\"ct-accordion-icon-plus\"><\/i>\r\n                    <\/a>\r\n                <\/div>\r\n                <div id=\"bc43388ct_accordion-b9b693e\" class=\"ct-ac-content\">Algunas mejores pr\u00e1cticas incluyen:<br \/>\n<br \/>\n<ul><br \/>\n<li>Utilizar plataformas de reclutamiento internacionales.<\/li><br \/>\n<li>Establecer contactos con asociaciones profesionales y universidades en el pa\u00eds de origen.<\/li><br \/>\n<li>Promover la oferta laboral a trav\u00e9s de redes sociales y sitios web especializados.<\/li><br \/>\n<li>Ofrecer incentivos atractivos para motivar a los profesionales a regresar, como paquetes de beneficios competitivos y oportunidades de crecimiento profesional.<\/li><br \/>\n<\/ul><br \/>\n<br \/>\n<\/div>\r\n            <\/div>\r\n                    <div class=\"ct-accordion-item \">\r\n                <div class=\"ct-ac-title \" data-target=\"#75268d0ct_accordion-b9b693e\">\r\n                    <a class=\"ct-ac-title-text\"><h3 class=\"acordeon\">\u00bfQu\u00e9 beneficios puede ofrecer una consultora especializada en b\u00fasqueda de profesionales en sus pa\u00edses de origen?<\/h3>                        <i class=\"ct-accordion-icon-plus\"><\/i>\r\n                    <\/a>\r\n                <\/div>\r\n                <div id=\"75268d0ct_accordion-b9b693e\" class=\"ct-ac-content\">Al colaborar con una consultora especializada, las empresas pueden beneficiarse de:<br \/>\n<br \/>\n<ul><br \/>\n<li>Acceso a una amplia red de profesionales calificados en el pa\u00eds de origen.<\/li><br \/>\n<li>Experiencia en la identificaci\u00f3n y evaluaci\u00f3n de talento internacional.<\/li><br \/>\n<li>Asesoramiento experto sobre las mejores estrategias de reclutamiento y retenci\u00f3n.<\/li><br \/>\n<li>Optimizaci\u00f3n de recursos y tiempo gracias a un proceso de selecci\u00f3n eficiente y centrado en las necesidades espec\u00edficas de la empresa.<\/li><br \/>\n<\/ul><\/div>\r\n            <\/div>\r\n                    <div class=\"ct-accordion-item \">\r\n                <div class=\"ct-ac-title \" data-target=\"#7595bd2ct_accordion-b9b693e\">\r\n                    <a class=\"ct-ac-title-text\"><h3 class=\"acordeon\">\u00bfC\u00f3mo puedo asegurarme de encontrar al candidato adecuado durante la b\u00fasqueda de profesionales en sus pa\u00edses de origen?<\/h3>                        <i class=\"ct-accordion-icon-plus\"><\/i>\r\n                    <\/a>\r\n                <\/div>\r\n                <div id=\"7595bd2ct_accordion-b9b693e\" class=\"ct-ac-content\">Es importante:<br \/>\n<br \/>\n<ul><br \/>\n<li>Definir claramente los requisitos del puesto y las habilidades necesarias.<\/li><br \/>\n<li>Realizar entrevistas exhaustivas que eval\u00faen tanto las competencias t\u00e9cnicas como las habilidades interpersonales.<\/li><br \/>\n<li>Verificar referencias y antecedentes laborales para confirmar la idoneidad del candidato.<\/li><br \/>\n<li>Mantener una comunicaci\u00f3n abierta y transparente durante todo el proceso de reclutamiento para garantizar una integraci\u00f3n exitosa en el equipo de trabajo.<\/li><br \/>\n<\/ul><\/div>\r\n            <\/div>\r\n            <\/div>\r\n\t\t\t\t<\/div>\n\t\t\t\t<\/div>\n\t\t            <\/div>\n        <\/div>\n                    <\/div>\n        <\/section>\n        \t\t<\/div>\n\t\t","protected":false},"excerpt":{"rendered":"<p>Trabajo temporal Consultor\u00eda y selecci\u00f3n Soluciones formativas Selecci\u00f3n de mandos intermedios \u00a1Contacta ya, te ayudamos! 976 111 361 o mediante formulario: Contacto Diversificando tu equipo Si tu empresa necesita profesionales t\u00e9cnicos cualificados, Arajob te ayuda a encontrarlosen otros pa\u00edses, y te facilita la tramitaci\u00f3n de su permiso de trabajo. Qu\u00e9 hacemos: Selecci\u00f3n en origen Procedimiento [&hellip;]<\/p>\n","protected":false},"author":1,"featured_media":0,"parent":0,"menu_order":0,"comment_status":"closed","ping_status":"closed","template":"","meta":{"footnotes":""},"class_list":["post-10234","page","type-page","status-publish","hentry"],"yoast_head":"<!-- This site is optimized with the Yoast SEO plugin v26.7 - https:\/\/yoast.com\/wordpress\/plugins\/seo\/ -->\n<title>Reclutamiento Profesional Internacional | Arajob<\/title>\n<meta name=\"description\" content=\"Ayudamos en la b\u00fasqueda de profesionales en el extranjero y la tramitaci\u00f3n de permisos de trabajo. Encuentra talento internacional cualificado.\" \/>\n<meta name=\"robots\" content=\"index, follow, max-snippet:-1, max-image-preview:large, max-video-preview:-1\" \/>\n<link rel=\"canonical\" href=\"http:\/\/arajobett.com\/?page_id=10234\" \/>\n<meta property=\"og:locale\" content=\"es_ES\" \/>\n<meta property=\"og:type\" content=\"article\" \/>\n<meta property=\"og:title\" content=\"Reclutamiento Profesional Internacional | Arajob\" \/>\n<meta property=\"og:description\" content=\"Ayudamos en la b\u00fasqueda de profesionales en el extranjero y la tramitaci\u00f3n de permisos de trabajo. Encuentra talento internacional cualificado.\" \/>\n<meta property=\"og:url\" content=\"http:\/\/arajobett.com\/?page_id=10234\" \/>\n<meta property=\"og:site_name\" content=\"Arajob\" \/>\n<meta property=\"article:modified_time\" content=\"2024-07-22T11:55:08+00:00\" \/>\n<meta property=\"og:image\" content=\"http:\/\/arajobett.com\/wp-content\/uploads\/2024\/02\/busqueda-talento-origen.jpg\" \/>\n<meta name=\"twitter:card\" content=\"summary_large_image\" \/>\n<meta name=\"twitter:label1\" content=\"Tiempo de lectura\" \/>\n\t<meta name=\"twitter:data1\" content=\"3 minutos\" \/>\n<script type=\"application\/ld+json\" class=\"yoast-schema-graph\">{\"@context\":\"https:\/\/schema.org\",\"@graph\":[{\"@type\":\"WebPage\",\"@id\":\"http:\/\/arajobett.com\/?page_id=10234\",\"url\":\"http:\/\/arajobett.com\/?page_id=10234\",\"name\":\"Reclutamiento Profesional Internacional | Arajob\",\"isPartOf\":{\"@id\":\"http:\/\/arajobett.com\/#website\"},\"primaryImageOfPage\":{\"@id\":\"http:\/\/arajobett.com\/?page_id=10234#primaryimage\"},\"image\":{\"@id\":\"http:\/\/arajobett.com\/?page_id=10234#primaryimage\"},\"thumbnailUrl\":\"http:\/\/arajobett.com\/wp-content\/uploads\/2024\/02\/busqueda-talento-origen.jpg\",\"datePublished\":\"2024-02-13T13:43:53+00:00\",\"dateModified\":\"2024-07-22T11:55:08+00:00\",\"description\":\"Ayudamos en la b\u00fasqueda de profesionales en el extranjero y la tramitaci\u00f3n de permisos de trabajo. Encuentra talento internacional cualificado.\",\"breadcrumb\":{\"@id\":\"http:\/\/arajobett.com\/?page_id=10234#breadcrumb\"},\"inLanguage\":\"es\",\"potentialAction\":[{\"@type\":\"ReadAction\",\"target\":[\"http:\/\/arajobett.com\/?page_id=10234\"]}]},{\"@type\":\"ImageObject\",\"inLanguage\":\"es\",\"@id\":\"http:\/\/arajobett.com\/?page_id=10234#primaryimage\",\"url\":\"https:\/\/arajobett.com\/wp-content\/uploads\/2024\/02\/busqueda-talento-origen.jpg\",\"contentUrl\":\"https:\/\/arajobett.com\/wp-content\/uploads\/2024\/02\/busqueda-talento-origen.jpg\",\"width\":1000,\"height\":570,\"caption\":\"B\u00fasqueda de profesionales en sus pa\u00edses de origen\"},{\"@type\":\"BreadcrumbList\",\"@id\":\"http:\/\/arajobett.com\/?page_id=10234#breadcrumb\",\"itemListElement\":[{\"@type\":\"ListItem\",\"position\":1,\"name\":\"Portada\",\"item\":\"http:\/\/arajobett.com\/\"},{\"@type\":\"ListItem\",\"position\":2,\"name\":\"B\u00fasqueda de profesionales en su pa\u00eds de origen\"}]},{\"@type\":\"WebSite\",\"@id\":\"http:\/\/arajobett.com\/#website\",\"url\":\"http:\/\/arajobett.com\/\",\"name\":\"Arajob\",\"description\":\"Trabajo para ti, empleo para Arag\u00f3n\",\"potentialAction\":[{\"@type\":\"SearchAction\",\"target\":{\"@type\":\"EntryPoint\",\"urlTemplate\":\"http:\/\/arajobett.com\/?s={search_term_string}\"},\"query-input\":{\"@type\":\"PropertyValueSpecification\",\"valueRequired\":true,\"valueName\":\"search_term_string\"}}],\"inLanguage\":\"es\"}]}<\/script>\n<!-- \/ Yoast SEO plugin. -->","yoast_head_json":{"title":"Reclutamiento Profesional Internacional | Arajob","description":"Ayudamos en la b\u00fasqueda de profesionales en el extranjero y la tramitaci\u00f3n de permisos de trabajo. Encuentra talento internacional cualificado.","robots":{"index":"index","follow":"follow","max-snippet":"max-snippet:-1","max-image-preview":"max-image-preview:large","max-video-preview":"max-video-preview:-1"},"canonical":"http:\/\/arajobett.com\/?page_id=10234","og_locale":"es_ES","og_type":"article","og_title":"Reclutamiento Profesional Internacional | Arajob","og_description":"Ayudamos en la b\u00fasqueda de profesionales en el extranjero y la tramitaci\u00f3n de permisos de trabajo. Encuentra talento internacional cualificado.","og_url":"http:\/\/arajobett.com\/?page_id=10234","og_site_name":"Arajob","article_modified_time":"2024-07-22T11:55:08+00:00","og_image":[{"url":"http:\/\/arajobett.com\/wp-content\/uploads\/2024\/02\/busqueda-talento-origen.jpg","type":"","width":"","height":""}],"twitter_card":"summary_large_image","twitter_misc":{"Tiempo de lectura":"3 minutos"},"schema":{"@context":"https:\/\/schema.org","@graph":[{"@type":"WebPage","@id":"http:\/\/arajobett.com\/?page_id=10234","url":"http:\/\/arajobett.com\/?page_id=10234","name":"Reclutamiento Profesional Internacional | Arajob","isPartOf":{"@id":"http:\/\/arajobett.com\/#website"},"primaryImageOfPage":{"@id":"http:\/\/arajobett.com\/?page_id=10234#primaryimage"},"image":{"@id":"http:\/\/arajobett.com\/?page_id=10234#primaryimage"},"thumbnailUrl":"http:\/\/arajobett.com\/wp-content\/uploads\/2024\/02\/busqueda-talento-origen.jpg","datePublished":"2024-02-13T13:43:53+00:00","dateModified":"2024-07-22T11:55:08+00:00","description":"Ayudamos en la b\u00fasqueda de profesionales en el extranjero y la tramitaci\u00f3n de permisos de trabajo. Encuentra talento internacional cualificado.","breadcrumb":{"@id":"http:\/\/arajobett.com\/?page_id=10234#breadcrumb"},"inLanguage":"es","potentialAction":[{"@type":"ReadAction","target":["http:\/\/arajobett.com\/?page_id=10234"]}]},{"@type":"ImageObject","inLanguage":"es","@id":"http:\/\/arajobett.com\/?page_id=10234#primaryimage","url":"https:\/\/arajobett.com\/wp-content\/uploads\/2024\/02\/busqueda-talento-origen.jpg","contentUrl":"https:\/\/arajobett.com\/wp-content\/uploads\/2024\/02\/busqueda-talento-origen.jpg","width":1000,"height":570,"caption":"B\u00fasqueda de profesionales en sus pa\u00edses de origen"},{"@type":"BreadcrumbList","@id":"http:\/\/arajobett.com\/?page_id=10234#breadcrumb","itemListElement":[{"@type":"ListItem","position":1,"name":"Portada","item":"http:\/\/arajobett.com\/"},{"@type":"ListItem","position":2,"name":"B\u00fasqueda de profesionales en su pa\u00eds de origen"}]},{"@type":"WebSite","@id":"http:\/\/arajobett.com\/#website","url":"http:\/\/arajobett.com\/","name":"Arajob","description":"Trabajo para ti, empleo para Arag\u00f3n","potentialAction":[{"@type":"SearchAction","target":{"@type":"EntryPoint","urlTemplate":"http:\/\/arajobett.com\/?s={search_term_string}"},"query-input":{"@type":"PropertyValueSpecification","valueRequired":true,"valueName":"search_term_string"}}],"inLanguage":"es"}]}},"_links":{"self":[{"href":"https:\/\/arajobett.com\/index.php?rest_route=\/wp\/v2\/pages\/10234","targetHints":{"allow":["GET"]}}],"collection":[{"href":"https:\/\/arajobett.com\/index.php?rest_route=\/wp\/v2\/pages"}],"about":[{"href":"https:\/\/arajobett.com\/index.php?rest_route=\/wp\/v2\/types\/page"}],"author":[{"embeddable":true,"href":"https:\/\/arajobett.com\/index.php?rest_route=\/wp\/v2\/users\/1"}],"replies":[{"embeddable":true,"href":"https:\/\/arajobett.com\/index.php?rest_route=%2Fwp%2Fv2%2Fcomments&post=10234"}],"version-history":[{"count":13,"href":"https:\/\/arajobett.com\/index.php?rest_route=\/wp\/v2\/pages\/10234\/revisions"}],"predecessor-version":[{"id":10467,"href":"https:\/\/arajobett.com\/index.php?rest_route=\/wp\/v2\/pages\/10234\/revisions\/10467"}],"wp:attachment":[{"href":"https:\/\/arajobett.com\/index.php?rest_route=%2Fwp%2Fv2%2Fmedia&parent=10234"}],"curies":[{"name":"wp","href":"https:\/\/api.w.org\/{rel}","templated":true}]}}